{"id":2821,"date":"2022-09-10T04:18:26","date_gmt":"2022-09-10T04:18:26","guid":{"rendered":"http:\/\/wp2.carolineklotz.com\/?page_id=2821"},"modified":"2026-04-09T20:00:17","modified_gmt":"2026-04-10T00:00:17","slug":"contact","status":"publish","type":"page","link":"https:\/\/carolineklotz.com\/magdalenamaison\/contact\/","title":{"rendered":"07.CONTACT"},"content":{"rendered":"\n    \n    <section class=\"u-align-center u-clearfix u-image u-shading u-section-2\" src=\"\" data-image-width=\"4867\" data-image-height=\"3245\" id=\"sec-a41b\" style=\"background-image: linear-gradient(0deg, rgba(0, 0, 0, 0.5), rgba(0, 0, 0, 0.5)), url(&quot;https:\/\/carolineklotz.com\/magdalenamaison\/wp-content\/uploads\/2026\/03\/iStock_000066082037_Full-scaled.jpg&quot;);\">\n      <div class=\"u-clearfix u-sheet u-valign-middle-lg u-valign-middle-sm u-valign-middle-xs u-sheet-1\">\n        <h1 class=\"u-align-center u-custom-font u-text u-text-custom-color-15 u-title u-text-1\"><span style=\"font-weight: 700;\"> Vous avez un projet d\u2019am\u00e9nagement en t\u00eate?<\/span>\n          <br>\n          <br>&nbsp;<span style=\"font-weight: 700;\">Parlez-nous-en <\/span>!&nbsp;<br>Nous serions ravis d\u2019en apprendre davantage et de voir comment nous pourrions vous accompagner.\n        <\/h1>\n        <div class=\"u-align-center u-border-1 u-border-grey-dark-1 u-line u-line-horizontal u-line-1\"><\/div>\n      <\/div>\n    <\/section>\n    <section class=\"u-clearfix u-gradient u-section-3\" id=\"sec-ba05\">\n      <div class=\"u-clearfix u-sheet u-valign-middle-md u-valign-middle-xl u-valign-middle-xs u-sheet-1\">\n        <p class=\"u-align-center u-custom-font u-text u-text-custom-color-6 u-text-default u-text-1\">Contact<\/p>\n        <img decoding=\"async\" class=\"u-image u-image-contain u-image-default u-image-1\" src=\"https:\/\/carolineklotz.com\/magdalenamaison\/wp-content\/uploads\/2026\/03\/IMAGE_LIGNEETPOINTS.png\" alt=\"\" data-image-width=\"2261\" data-image-height=\"51\">\n        <p class=\"u-align-left u-custom-font u-text u-text-custom-color-6 u-text-default u-text-2\">Magdalena Maison<\/p>\n        <p class=\"u-align-center u-custom-font u-text u-text-default u-text-3\"> &nbsp;info@\u200bmagdalenamaison.com&nbsp;<span class=\"u-file-icon u-icon u-icon-1\"><img decoding=\"async\" src=\"https:\/\/carolineklotz.com\/magdalenamaison\/wp-content\/uploads\/2026\/03\/Imagelettre.png\" alt=\"\"><\/span>\n        <\/p>\n        <p class=\"u-align-center u-custom-font u-text u-text-default u-text-4\"> 450.403.1060&nbsp;<span class=\"u-file-icon u-icon u-icon-2\"><img decoding=\"async\" src=\"https:\/\/carolineklotz.com\/magdalenamaison\/wp-content\/uploads\/2026\/03\/Imagetelephone.png\" alt=\"\"><\/span>\n        <\/p>\n      <\/div>\n    <\/section>\n    <section class=\"u-align-left u-clearfix u-container-align-left-lg u-container-align-left-xl u-container-align-left-xxl u-section-4\" id=\"sec-c3f9\">\n      <div class=\"u-clearfix u-sheet u-sheet-1\">\n        <div class=\"fr-view u-clearfix u-rich-text u-text u-text-1\">\n          <h1 style=\"text-align: center;\"><span class=\"u-text-custom-color-6\"><span class=\"u-custom-font\" style=\"font-family: Westiga; font-size: 1.88889rem;\">Un int\u00e9rieur habit\u00e9, \u00e0 votre fa\u00e7on<\/span><\/span><span class=\"u-text-custom-color-6\"><span class=\"u-custom-font\" style=\"font-family: Westiga;\">&nbsp;<\/span><\/span>\n          <\/h1>\n          <p style=\"text-align: center;\">\n            <br>\n          <\/p>\n          <p style=\"text-align: center;\"><span style=\"line-height: 2.0;\"><span class=\"u-custom-font\" style=\"font-family: ratchlightwebfont; font-size: 1.5rem;\">R\u00e9fl\u00e9chissons ensemble \u00e0 votre nouvel espace de vie.&nbsp;<\/span><span class=\"u-custom-font\" style=\"font-family: ratchlightwebfont; font-size: 1.5rem; font-weight: 700; font-style: italic;\"><span class=\"u-text-custom-color-12\">Remplissez simplement le formulaire<\/span>&nbsp;<\/span><span class=\"u-custom-font\" style=\"font-family: ratchlightwebfont; font-size: 1.5rem;\">et il nous fera grand plaisir de prendre contact avec vous.&nbsp;<\/span><\/span>\n          <\/p>\n        <\/div>\n        <img decoding=\"async\" class=\"u-expanded-width-xs u-image u-image-contain u-image-default u-image-1\" src=\"https:\/\/carolineklotz.com\/magdalenamaison\/wp-content\/uploads\/2026\/03\/IMAGE_LIGNEETPOINTS.png\" alt=\"\" data-image-width=\"2261\" data-image-height=\"51\">\n      <\/div>\n    <\/section>\n    <section class=\"u-clearfix u-valign-middle-xs u-valign-middle-xxl u-section-5\" id=\"carousel_7560\">\n      <div class=\"data-layout-selected u-clearfix u-expanded-width-xs u-expanded-width-xxl u-gutter-0 u-layout-wrap u-layout-wrap-1\">\n        <div class=\"u-layout\" style=\"\">\n          <div class=\"u-layout-row\" style=\"\">\n            <div class=\"u-align-left u-container-style u-layout-cell u-left-cell u-shape-rectangle u-size-60 u-size-xs-60 u-layout-cell-1\" src=\"\">\n              <div class=\"u-container-layout u-container-layout-1\">\n                <div class=\"u-form u-form-1\">\n                          <script>\n            function onSuccess(event) {\n                if (typeof window.serviceRequest !== 'undefined') {\n                    window.serviceRequest(jQuery(this).find('form'));\n                }\n                var msgContainer = jQuery(event.currentTarget).find('.wpcf7-response-output');\n                msgContainer.removeClass('u-form-send-error').addClass('u-form-send-message u-form-send-success');\n                msgContainer.show();\n                var redirectAddress = jQuery(event.currentTarget).find('[redirect-address]').attr('redirect-address');\n                if (redirectAddress) {\n                    setTimeout(function () {\n                        location.replace(redirectAddress);\n                    }, 2000);\n                }\n            }\n            function onError(event) {\n                var msgContainer = jQuery(event.currentTarget).find('.wpcf7-response-output');\n                msgContainer.removeClass('u-form-send-success').addClass('u-form-send-message u-form-send-error');\n                msgContainer.show();\n            }\n\n            jQuery('body')\n                .on('wpcf7mailsent',   '.u-form .wpcf7', onSuccess)\n                .on('wpcf7invalid',    '.u-form .wpcf7', onError)\n                .on('wpcf7:unaccepted', '.u-form .wpcf7', onError)\n                .on('wpcf7spam',       '.u-form .wpcf7', onError)\n                .on('wpcf7:aborted',    '.u-form .wpcf7', onError)\n                .on('wpcf7mailfailed', '.u-form .wpcf7', onError);\n        <\/script>\n        <style>\n            .u-form .wpcf7-response-output {\n                \/*position: relative !important;*\/\n                margin: 0 !important;\n                bottom: -70px!important;\n            }\n            .u-form .wpcf7 .ajax-loader {\n                margin-left: -24px;\n                margin-right: 0;\n            }\n        <\/style>\n\n<div class=\"wpcf7 no-js\" id=\"wpcf7-f2896-o1\" lang=\"fr-CA\" dir=\"ltr\" data-wpcf7-id=\"2896\">\n<div class=\"screen-reader-response\"><p role=\"status\" aria-live=\"polite\" aria-atomic=\"true\"><\/p> <ul><\/ul><\/div>\n<form style=\"padding: 4px;\" action=\"\/magdalenamaison\/wp-json\/wp\/v2\/pages\/2821#wpcf7-f2896-o1\" method=\"post\" class=\"wpcf7-form init u-clearfix u-form-spacing-10 u-form-vertical u-inner-form u-form-custom-backend\" aria-label=\"Contact form\" novalidate=\"novalidate\" data-status=\"init\">\n<fieldset class=\"hidden-fields-container\"><input type=\"hidden\" name=\"_wpcf7\" value=\"2896\" \/><input type=\"hidden\" name=\"_wpcf7_version\" value=\"6.1.5\" \/><input type=\"hidden\" name=\"_wpcf7_locale\" value=\"fr_CA\" \/><input type=\"hidden\" name=\"_wpcf7_unit_tag\" value=\"wpcf7-f2896-o1\" \/><input type=\"hidden\" name=\"_wpcf7_container_post\" value=\"0\" \/><input type=\"hidden\" name=\"_wpcf7_posted_data_hash\" value=\"\" \/><input type=\"hidden\" name=\"_wpcf7_recaptcha_response\" value=\"\" \/>\n<\/fieldset>\n\n                    <div class=\"u-form-group wpcf7-form-control-wrap u-form-name u-label-top\">\n                      <label for=\"name-e2a4\" class=\"u-custom-font u-label u-spacing-8 u-text-custom-color-6 u-label-1\">Nom<\/label>\n                      <input type=\"text\" id=\"name-e2a4\" name=\"name1\" class=\"u-border-custom-color-6 u-input wpcf7-form-control u-input-rectangle u-radius-32\" required=\"\">\n                    <\/div>\n                    <div class=\"u-form-email u-form-group wpcf7-form-control-wrap u-label-top\">\n                      <label for=\"email-e2a4\" class=\"u-custom-font u-label u-spacing-8 u-text-custom-color-6 u-label-2\">Courriel<\/label>\n                      <input type=\"email\" id=\"email-e2a4\" name=\"email\" class=\"u-border-custom-color-6 u-input wpcf7-form-control u-input-rectangle u-radius-32\" required=\"\">\n                    <\/div>\n                    <div class=\"u-form-group wpcf7-form-control-wrap u-form-message u-label-top\">\n                      <label for=\"message-e2a4\" class=\"u-custom-font u-label u-spacing-8 u-text-custom-color-6 u-label-3\">Parlez-nous de votre projet<\/label>\n                      <textarea rows=\"4\" cols=\"50\" id=\"message-e2a4\" name=\"projet\" class=\"u-border-custom-color-6 u-input wpcf7-form-control u-input-rectangle u-radius-32\"><\/textarea>\n                    <\/div>\n                    <div class=\"u-align-left u-form-group wpcf7-form-control-wrap u-form-submit wpcf7-form-control u-label-top\">\n                      <input type=\"submit\" value=\"submit\" class=\"u-form-control-hidden\">\n                      <a href=\"#\" class=\"u-border-none u-btn u-btn-submit wpcf7-submit u-button-style u-custom-color-9 u-custom-font u-hover-custom-color-12 u-radius-16 u-btn-1\">SOUMETTRE<\/a>\n                    <\/div>\n                    <div class=\"u-form-send-message u-form-send-success\"> Thank you! Your message has been sent. <\/div>\n                    <div class=\"u-form-send-error u-form-send-message\"> Unable to send your message. Please fix errors then try again. <\/div>\n                    <input type=\"hidden\" value=\"\" name=\"recaptchaResponse\">\n                  <input type=\"hidden\" name=\"_contact7_backend\" value=\"1\"><input type='hidden' class='wpcf7-pum' value='{\"closepopup\":false,\"closedelay\":0,\"openpopup\":false,\"openpopup_id\":0}' \/><div class=\"wpcf7-response-output\" aria-hidden=\"true\"><\/div>\n<\/form>\n<\/div>\n\n                <\/div>\n                <img decoding=\"async\" class=\"u-image u-image-round u-radius-50 u-image-1\" src=\"https:\/\/carolineklotz.com\/magdalenamaison\/wp-content\/uploads\/2026\/03\/Typewriter-scaled.jpg\" alt=\"\" data-image-width=\"2400\" data-image-height=\"3000\">\n              <\/div>\n            <\/div>\n          <\/div>\n        <\/div>\n      <\/div>\n    <\/section>\n    \n    \n    \n  \n","protected":false},"excerpt":{"rendered":"<p>Vous avez un projet d\u2019am\u00e9nagement en t\u00eate? &nbsp;Parlez-nous-en !&nbsp;Nous serions ravis d\u2019en apprendre davantage et de voir comment nous pourrions vous accompagner. Contact Magdalena Maison &nbsp;info@\u200bmagdalenamaison.com&nbsp; 450.403.1060&nbsp; Un int\u00e9rieur habit\u00e9, \u00e0 votre fa\u00e7on&nbsp; R\u00e9fl\u00e9chissons ensemble \u00e0 votre nouvel espace de vie.&nbsp;Remplissez simplement le formulaire&nbsp;et il nous fera grand plaisir de prendre contact avec vous.&nbsp; Nom &hellip; <a href=\"https:\/\/carolineklotz.com\/magdalenamaison\/contact\/\" class=\"more-link\">Continue reading<span class=\"screen-reader-text\"> &#8220;07.CONTACT&#8221;<\/span><\/a><\/p>\n","protected":false},"author":4,"featured_media":0,"parent":0,"menu_order":1,"comment_status":"closed","ping_status":"closed","template":"","meta":{"_acf_changed":false,"footnotes":""},"categories":[],"tags":[],"class_list":["post-2821","page","type-page","status-publish","hentry"],"acf":[],"yoast_head":"<!-- This site is optimized with the Yoast SEO plugin v27.4 - https:\/\/yoast.com\/product\/yoast-seo-wordpress\/ -->\n<title>CONTACTEZ-NOUS - Caroline Klotz Studio - Services en design d&#039;int\u00e9rieur commercial &amp; r\u00e9sidentiel<\/title>\n<meta name=\"description\" content=\"Vous avez un projet d\u2019am\u00e9nagement int\u00e9rieur en vue? CK studio saura le mettre en \u0153uvre! Notre \u00e9quipe de professionnels passionn\u00e9s se fera un plaisir de vous accompagner dans votre nouveau projet!450.403.1060\" \/>\n<meta name=\"robots\" content=\"index, follow, max-snippet:-1, max-image-preview:large, max-video-preview:-1\" \/>\n<link rel=\"canonical\" href=\"https:\/\/carolineklotz.com\/magdalenamaison\/contact\/\" \/>\n<meta property=\"og:locale\" content=\"en_US\" \/>\n<meta property=\"og:type\" content=\"article\" \/>\n<meta property=\"og:title\" content=\"CONTACTEZ-NOUS - Caroline Klotz Studio - Services en design d&#039;int\u00e9rieur commercial &amp; r\u00e9sidentiel\" \/>\n<meta property=\"og:description\" content=\"Vous avez un projet d\u2019am\u00e9nagement int\u00e9rieur en vue? CK studio saura le mettre en \u0153uvre! Notre \u00e9quipe de professionnels passionn\u00e9s se fera un plaisir de vous accompagner dans votre nouveau projet!450.403.1060\" \/>\n<meta property=\"og:url\" content=\"https:\/\/carolineklotz.com\/magdalenamaison\/contact\/\" \/>\n<meta property=\"og:site_name\" content=\"Caroline Klotz Designer\" \/>\n<meta property=\"article:publisher\" content=\"https:\/\/www.facebook.com\/carolineklotzstudio\" \/>\n<meta property=\"article:modified_time\" content=\"2026-04-10T00:00:17+00:00\" \/>\n<meta name=\"twitter:card\" content=\"summary_large_image\" \/>\n<meta name=\"twitter:label1\" content=\"Est. reading time\" \/>\n\t<meta name=\"twitter:data1\" content=\"2 minutes\" \/>\n<script type=\"application\/ld+json\" class=\"yoast-schema-graph\">{\"@context\":\"https:\\\/\\\/schema.org\",\"@graph\":[{\"@type\":\"WebPage\",\"@id\":\"https:\\\/\\\/carolineklotz.com\\\/magdalenamaison\\\/contact\\\/\",\"url\":\"https:\\\/\\\/carolineklotz.com\\\/magdalenamaison\\\/contact\\\/\",\"name\":\"CONTACTEZ-NOUS - Caroline Klotz Studio - Services en design d'int\u00e9rieur commercial & r\u00e9sidentiel\",\"isPartOf\":{\"@id\":\"https:\\\/\\\/carolineklotz.com\\\/magdalenamaison\\\/#website\"},\"datePublished\":\"2022-09-10T04:18:26+00:00\",\"dateModified\":\"2026-04-10T00:00:17+00:00\",\"description\":\"Vous avez un projet d\u2019am\u00e9nagement int\u00e9rieur en vue? CK studio saura le mettre en \u0153uvre! Notre \u00e9quipe de professionnels passionn\u00e9s se fera un plaisir de vous accompagner dans votre nouveau projet!450.403.1060\",\"breadcrumb\":{\"@id\":\"https:\\\/\\\/carolineklotz.com\\\/magdalenamaison\\\/contact\\\/#breadcrumb\"},\"inLanguage\":\"en-CA\",\"potentialAction\":[{\"@type\":\"ReadAction\",\"target\":[\"https:\\\/\\\/carolineklotz.com\\\/magdalenamaison\\\/contact\\\/\"]}]},{\"@type\":\"BreadcrumbList\",\"@id\":\"https:\\\/\\\/carolineklotz.com\\\/magdalenamaison\\\/contact\\\/#breadcrumb\",\"itemListElement\":[{\"@type\":\"ListItem\",\"position\":1,\"name\":\"Home\",\"item\":\"https:\\\/\\\/carolineklotz.com\\\/magdalenamaison\\\/\"},{\"@type\":\"ListItem\",\"position\":2,\"name\":\"07.CONTACT\"}]},{\"@type\":\"WebSite\",\"@id\":\"https:\\\/\\\/carolineklotz.com\\\/magdalenamaison\\\/#website\",\"url\":\"https:\\\/\\\/carolineklotz.com\\\/magdalenamaison\\\/\",\"name\":\"Caroline Klotz Designer\",\"description\":\"Caroline Klotz Studio est un atelier de design d&#039;int\u00e9rieur oeuvrant dans le design commercial et r\u00e9sidentiel. Notre approche authetique permet d&#039;aborder chaque mandat individuel de fa\u00e7on personnalis\u00e9e et adapt\u00e9e.\",\"publisher\":{\"@id\":\"https:\\\/\\\/carolineklotz.com\\\/magdalenamaison\\\/#organization\"},\"potentialAction\":[{\"@type\":\"SearchAction\",\"target\":{\"@type\":\"EntryPoint\",\"urlTemplate\":\"https:\\\/\\\/carolineklotz.com\\\/magdalenamaison\\\/?s={search_term_string}\"},\"query-input\":{\"@type\":\"PropertyValueSpecification\",\"valueRequired\":true,\"valueName\":\"search_term_string\"}}],\"inLanguage\":\"en-CA\"},{\"@type\":\"Organization\",\"@id\":\"https:\\\/\\\/carolineklotz.com\\\/magdalenamaison\\\/#organization\",\"name\":\"Caroline Klotz Designer\",\"url\":\"https:\\\/\\\/carolineklotz.com\\\/magdalenamaison\\\/\",\"logo\":{\"@type\":\"ImageObject\",\"inLanguage\":\"en-CA\",\"@id\":\"https:\\\/\\\/carolineklotz.com\\\/magdalenamaison\\\/#\\\/schema\\\/logo\\\/image\\\/\",\"url\":\"https:\\\/\\\/carolineklotz.com\\\/magdalenamaison\\\/wp-content\\\/uploads\\\/2023\\\/03\\\/cropped-cropped-cropped-CL-LOGO-2022-1-1.png\",\"contentUrl\":\"https:\\\/\\\/carolineklotz.com\\\/magdalenamaison\\\/wp-content\\\/uploads\\\/2023\\\/03\\\/cropped-cropped-cropped-CL-LOGO-2022-1-1.png\",\"width\":240,\"height\":349,\"caption\":\"Caroline Klotz Designer\"},\"image\":{\"@id\":\"https:\\\/\\\/carolineklotz.com\\\/magdalenamaison\\\/#\\\/schema\\\/logo\\\/image\\\/\"},\"sameAs\":[\"https:\\\/\\\/www.facebook.com\\\/carolineklotzstudio\",\"https:\\\/\\\/www.instagram.com\\\/carolineklotzstudio\\\/\",\"https:\\\/\\\/www.linkedin.com\\\/company\\\/caroline-klotz-studio\\\/\",\"https:\\\/\\\/www.pinterest.ca\\\/carolineklotzstudio\\\/\"]}]}<\/script>\n<!-- \/ Yoast SEO plugin. -->","yoast_head_json":{"title":"CONTACTEZ-NOUS - Caroline Klotz Studio - Services en design d'int\u00e9rieur commercial & r\u00e9sidentiel","description":"Vous avez un projet d\u2019am\u00e9nagement int\u00e9rieur en vue? CK studio saura le mettre en \u0153uvre! Notre \u00e9quipe de professionnels passionn\u00e9s se fera un plaisir de vous accompagner dans votre nouveau projet!450.403.1060","robots":{"index":"index","follow":"follow","max-snippet":"max-snippet:-1","max-image-preview":"max-image-preview:large","max-video-preview":"max-video-preview:-1"},"canonical":"https:\/\/carolineklotz.com\/magdalenamaison\/contact\/","og_locale":"en_US","og_type":"article","og_title":"CONTACTEZ-NOUS - Caroline Klotz Studio - Services en design d'int\u00e9rieur commercial & r\u00e9sidentiel","og_description":"Vous avez un projet d\u2019am\u00e9nagement int\u00e9rieur en vue? CK studio saura le mettre en \u0153uvre! Notre \u00e9quipe de professionnels passionn\u00e9s se fera un plaisir de vous accompagner dans votre nouveau projet!450.403.1060","og_url":"https:\/\/carolineklotz.com\/magdalenamaison\/contact\/","og_site_name":"Caroline Klotz Designer","article_publisher":"https:\/\/www.facebook.com\/carolineklotzstudio","article_modified_time":"2026-04-10T00:00:17+00:00","twitter_card":"summary_large_image","twitter_misc":{"Est. reading time":"2 minutes"},"schema":{"@context":"https:\/\/schema.org","@graph":[{"@type":"WebPage","@id":"https:\/\/carolineklotz.com\/magdalenamaison\/contact\/","url":"https:\/\/carolineklotz.com\/magdalenamaison\/contact\/","name":"CONTACTEZ-NOUS - Caroline Klotz Studio - Services en design d'int\u00e9rieur commercial & r\u00e9sidentiel","isPartOf":{"@id":"https:\/\/carolineklotz.com\/magdalenamaison\/#website"},"datePublished":"2022-09-10T04:18:26+00:00","dateModified":"2026-04-10T00:00:17+00:00","description":"Vous avez un projet d\u2019am\u00e9nagement int\u00e9rieur en vue? CK studio saura le mettre en \u0153uvre! Notre \u00e9quipe de professionnels passionn\u00e9s se fera un plaisir de vous accompagner dans votre nouveau projet!450.403.1060","breadcrumb":{"@id":"https:\/\/carolineklotz.com\/magdalenamaison\/contact\/#breadcrumb"},"inLanguage":"en-CA","potentialAction":[{"@type":"ReadAction","target":["https:\/\/carolineklotz.com\/magdalenamaison\/contact\/"]}]},{"@type":"BreadcrumbList","@id":"https:\/\/carolineklotz.com\/magdalenamaison\/contact\/#breadcrumb","itemListElement":[{"@type":"ListItem","position":1,"name":"Home","item":"https:\/\/carolineklotz.com\/magdalenamaison\/"},{"@type":"ListItem","position":2,"name":"07.CONTACT"}]},{"@type":"WebSite","@id":"https:\/\/carolineklotz.com\/magdalenamaison\/#website","url":"https:\/\/carolineklotz.com\/magdalenamaison\/","name":"Caroline Klotz Designer","description":"Caroline Klotz Studio est un atelier de design d&#039;int\u00e9rieur oeuvrant dans le design commercial et r\u00e9sidentiel. Notre approche authetique permet d&#039;aborder chaque mandat individuel de fa\u00e7on personnalis\u00e9e et adapt\u00e9e.","publisher":{"@id":"https:\/\/carolineklotz.com\/magdalenamaison\/#organization"},"potentialAction":[{"@type":"SearchAction","target":{"@type":"EntryPoint","urlTemplate":"https:\/\/carolineklotz.com\/magdalenamaison\/?s={search_term_string}"},"query-input":{"@type":"PropertyValueSpecification","valueRequired":true,"valueName":"search_term_string"}}],"inLanguage":"en-CA"},{"@type":"Organization","@id":"https:\/\/carolineklotz.com\/magdalenamaison\/#organization","name":"Caroline Klotz Designer","url":"https:\/\/carolineklotz.com\/magdalenamaison\/","logo":{"@type":"ImageObject","inLanguage":"en-CA","@id":"https:\/\/carolineklotz.com\/magdalenamaison\/#\/schema\/logo\/image\/","url":"https:\/\/carolineklotz.com\/magdalenamaison\/wp-content\/uploads\/2023\/03\/cropped-cropped-cropped-CL-LOGO-2022-1-1.png","contentUrl":"https:\/\/carolineklotz.com\/magdalenamaison\/wp-content\/uploads\/2023\/03\/cropped-cropped-cropped-CL-LOGO-2022-1-1.png","width":240,"height":349,"caption":"Caroline Klotz Designer"},"image":{"@id":"https:\/\/carolineklotz.com\/magdalenamaison\/#\/schema\/logo\/image\/"},"sameAs":["https:\/\/www.facebook.com\/carolineklotzstudio","https:\/\/www.instagram.com\/carolineklotzstudio\/","https:\/\/www.linkedin.com\/company\/caroline-klotz-studio\/","https:\/\/www.pinterest.ca\/carolineklotzstudio\/"]}]}},"_links":{"self":[{"href":"https:\/\/carolineklotz.com\/magdalenamaison\/wp-json\/wp\/v2\/pages\/2821","targetHints":{"allow":["GET"]}}],"collection":[{"href":"https:\/\/carolineklotz.com\/magdalenamaison\/wp-json\/wp\/v2\/pages"}],"about":[{"href":"https:\/\/carolineklotz.com\/magdalenamaison\/wp-json\/wp\/v2\/types\/page"}],"author":[{"embeddable":true,"href":"https:\/\/carolineklotz.com\/magdalenamaison\/wp-json\/wp\/v2\/users\/4"}],"replies":[{"embeddable":true,"href":"https:\/\/carolineklotz.com\/magdalenamaison\/wp-json\/wp\/v2\/comments?post=2821"}],"version-history":[{"count":79,"href":"https:\/\/carolineklotz.com\/magdalenamaison\/wp-json\/wp\/v2\/pages\/2821\/revisions"}],"predecessor-version":[{"id":6010,"href":"https:\/\/carolineklotz.com\/magdalenamaison\/wp-json\/wp\/v2\/pages\/2821\/revisions\/6010"}],"wp:attachment":[{"href":"https:\/\/carolineklotz.com\/magdalenamaison\/wp-json\/wp\/v2\/media?parent=2821"}],"wp:term":[{"taxonomy":"category","embeddable":true,"href":"https:\/\/carolineklotz.com\/magdalenamaison\/wp-json\/wp\/v2\/categories?post=2821"},{"taxonomy":"post_tag","embeddable":true,"href":"https:\/\/carolineklotz.com\/magdalenamaison\/wp-json\/wp\/v2\/tags?post=2821"}],"curies":[{"name":"wp","href":"https:\/\/api.w.org\/{rel}","templated":true}]}}