{"id":2295,"date":"2022-05-06T20:41:40","date_gmt":"2022-05-06T20:41:40","guid":{"rendered":"http:\/\/localhost:10109\/?page_id=2295"},"modified":"2026-03-17T18:39:23","modified_gmt":"2026-03-17T22:39:23","slug":"a-propos","status":"publish","type":"page","link":"https:\/\/carolineklotz.com\/magdalenamaison\/a-propos\/","title":{"rendered":"02.\u00c0 PROPOS"},"content":{"rendered":"\n    \n    <section class=\"u-clearfix u-image u-shading u-section-2\" id=\"carousel_00b6\" data-image-width=\"3024\" data-image-height=\"4032\" style=\"background-image: linear-gradient(0deg, rgba(0, 0, 0, 0.35), rgba(0, 0, 0, 0.35)), url(&quot;https:\/\/carolineklotz.com\/magdalenamaison\/wp-content\/uploads\/2026\/03\/IMG_0822-scaled.jpg&quot;);\">\n      <div class=\"u-align-left u-clearfix u-sheet u-valign-middle-xxl u-sheet-1\">\n        <p class=\"fr-view u-align-center u-custom-font u-text u-text-custom-color-9 u-text-1\" data-animation-name=\"\" data-animation-duration=\"0\" data-animation-delay=\"0\" data-animation-direction=\"\">\n          <span style=\"font-weight: 700;\">Caroline Klotz<\/span>\n          <br>\n          <span style=\"font-size: 2.25rem;\">Designer&nbsp; | Fondatrice Magdalena Maison<\/span>\n        <\/p>\n      <\/div>\n      <style data-mode=\"XXL\">@media (max-width: 0px) {\n  .u-section-2 .u-sheet-1 {\n    min-height: 478px;\n  }\n  .u-section-2 .u-text-1 {\n    margin-top: 0;\n    margin-bottom: 0;\n  }\n  .u-block-9fd6-26 {\n    min-height: 478px;\n    background-image: linear-gradient(0deg, rgba(0,0,0,0.2), rgba(0,0,0,0.2)), url(\"https:\/\/carolineklotz.com\/magdalenamaison\/wp-content\/uploads\/2023\/02\/W0915_WEB.jpg\");\n    background-position: 35.56% 81.47%;\n  }\n  .u-block-9fd6-27 {\n    padding-top: 0;\n    padding-bottom: 0;\n    padding-left: 0;\n    padding-right: 0;\n  }\n  .u-block-9fd6-25 {\n    font-size: 3rem;\n    line-height: 1.25;\n    font-weight: 700;\n    width: 343px;\n    margin-top: 168px;\n    margin-left: auto;\n    margin-right: auto;\n    margin-bottom: 0;\n  }\n  .u-block-9fd6-22 {\n    min-height: 478px;\n    background-image: none;\n  }\n  .u-block-9fd6-23 {\n    padding-top: 8px;\n    padding-left: 0;\n    padding-right: 0;\n    padding-bottom: 8px;\n  }\n  .u-block-9fd6-29 {\n    font-size: 1.875rem;\n    line-height: 1.4;\n    letter-spacing: 0px;\n    font-weight: 300;\n    text-transform: none;\n    font-family: Montserrat, sans-serif;\n    margin-top: 0;\n    margin-bottom: 0;\n    margin-left: 53px;\n    margin-right: 53px;\n  }\n}<\/style>\n    <\/section>\n    <section class=\"u-clearfix u-section-3\" id=\"sec-f0be\">\n      <div class=\"data-layout-selected u-clearfix u-expanded-width u-gutter-0 u-layout-wrap u-layout-wrap-1\">\n        <div class=\"u-layout\">\n          <div class=\"u-layout-row\">\n            <div class=\"u-align-center u-container-style u-layout-cell u-shape-rectangle u-size-60 u-layout-cell-1\">\n              <div class=\"u-container-layout u-container-layout-1\">\n                <p class=\"fr-view u-custom-font u-text u-text-custom-color-6 u-text-1\" data-animation-name=\"\" data-animation-duration=\"0\" data-animation-delay=\"0\" data-animation-direction=\"\">\n                  <span style=\"font-style: italic;\"><\/span>Designer d\u2019int\u00e9rieur et r\u00e9cemment fondatrice de Magdalena Maison, Caroline Klotz \u0153uvre depuis plus de 18 ans dans le domaine du design int\u00e9rieur, tant r\u00e9sidentiel que commercial.&nbsp;<br>\n                  <br>Elle imagine des espaces chaleureux, habit\u00e9s et pens\u00e9s avec intention, qui refl\u00e8tent avec justesse la personne qui les habite. Guid\u00e9e par sa passion pour le vintage, l\u2019antique, la conservation et la r\u00e9cup\u00e9ration, elle met \u00e0 profit son expertise diversifi\u00e9e pour cr\u00e9er des lieux empreints de sens, dans une approche \u00e0 la fois collaborative, humaine et agr\u00e9able.<br>\n                  <br>\n                  <span style=\"font-size: 1.125rem;\">Membre de l\u2019APDIQ, elle nourrit sa pratique avec la m\u00eame curiosit\u00e9, sensibilit\u00e9 et passion qui l\u2019animent au quotidien.<\/span>\n                  <br>\n                <\/p>\n              <\/div>\n            <\/div>\n          <\/div>\n        <\/div>\n      <\/div>\n      <style data-mode=\"XXL\">@media (max-width: 0px) {\n   .u-section-3 {\n    min-height: 414px;\n  }\n  .u-block-0e81-20 {\n    min-height: 566px;\n  }\n  .u-section-3 .u-layout-wrap-1 {\n    margin-top: 0;\n    margin-bottom: 0;\n  }\n  .u-block-0e81-22 {\n    min-height: 647px;\n    background-image: url(\"https:\/\/carolineklotz.com\/magdalenamaison\/wp-content\/uploads\/2023\/02\/image00002.jpeg\");\n    background-position: 100% 0%;\n  }\n  .u-block-0e81-23 {\n    padding-top: 0;\n    padding-bottom: 0;\n    padding-left: 0;\n    padding-right: 0;\n  }\n  .u-section-3 .u-layout-cell-1 {\n    min-height: 647px;\n    background-image: none;\n  }\n  .u-section-3 .u-container-layout-1 {\n    padding-top: 0;\n    padding-left: 0;\n    padding-right: 0;\n    padding-bottom: 30px;\n  }\n  .u-block-0e81-25 {\n    font-size: 3rem;\n    line-height: 1.25;\n    margin-top: 19px;\n    margin-left: -1px;\n    margin-right: -1px;\n    margin-bottom: 0;\n    font-weight: 400;\n  }\n  .u-block-0e81-30 {\n    font-size: 0.875rem;\n    line-height: 1.25;\n    font-weight: 600;\n    margin-top: 0;\n    margin-right: 1px;\n    margin-bottom: 0;\n    margin-left: -2px;\n  }\n  .u-section-3 .u-text-1 {\n    font-size: 1.125rem;\n    line-height: 1.4;\n    letter-spacing: 1px;\n    font-weight: 300;\n    text-transform: none;\n    font-family: Montserrat, sans-serif;\n    margin-top: 52px;\n    margin-left: 49px;\n    margin-right: 49px;\n    margin-bottom: 0;\n  }\n}<\/style>\n    <\/section>\n    <section class=\"u-clearfix u-image u-shading u-section-4\" id=\"carousel_badd\" data-image-width=\"3024\" data-image-height=\"4032\" style=\"background-image: linear-gradient(0deg, rgba(0, 0, 0, 0.5), rgba(0, 0, 0, 0.5)), url(&quot;https:\/\/carolineklotz.com\/magdalenamaison\/wp-content\/uploads\/2026\/03\/IMG_6047-scaled.jpg&quot;);\">\n      <div class=\"u-align-left u-clearfix u-sheet u-sheet-1\">\n        <div class=\"custom-expanded data-layout-selected u-clearfix u-gutter-0 u-layout-wrap u-layout-wrap-1\">\n          <div class=\"u-layout\">\n            <div class=\"u-layout-row\">\n              <div class=\"u-align-center u-container-style u-layout-cell u-shape-rectangle u-size-60 u-layout-cell-1\">\n                <div class=\"u-container-layout u-valign-middle u-container-layout-1\">\n                  <p class=\"fr-view u-align-center u-custom-font u-text u-text-custom-color-9 u-text-1\" data-animation-name=\"\" data-animation-duration=\"0\" data-animation-delay=\"0\" data-animation-direction=\"\">\n                    <span style=\"font-weight: 700;\"> FUN FACT&nbsp;<\/span>\n                    <br>\n                    <br>Quand elle ne travaille pas sur un projet, Caroline r\u00e9invente la maison familiale \u2014 au grand d\u00e9sarroi de son conjoint et de ses enfants \u2014 ou chine avec bonheur les antiquaires et surtout des tr\u00e9sors sur Marketplace, un passe-temps qui lui procure un grand bonheur!<br>\n                  <\/p>\n                <\/div>\n              <\/div>\n            <\/div>\n          <\/div>\n        <\/div>\n        <img decoding=\"async\" class=\"u-image u-image-contain u-image-default u-image-1\" src=\"https:\/\/carolineklotz.com\/magdalenamaison\/wp-content\/uploads\/2026\/03\/ogneetpointsbeige.png\" alt=\"\" data-image-width=\"2260\" data-image-height=\"51\">\n      <\/div>\n      <style data-mode=\"XXL\">@media (max-width: 0px) {\n   .u-section-4 {\n    min-height: 414px;\n  }\n  .u-section-4 .u-sheet-1 {\n    min-height: 566px;\n  }\n  .u-section-4 .u-layout-wrap-1 {\n    margin-top: 0;\n    margin-bottom: 0;\n  }\n  .u-block-17ff-22 {\n    min-height: 647px;\n    background-image: url(\"https:\/\/carolineklotz.com\/magdalenamaison\/wp-content\/uploads\/2023\/02\/image00002.jpeg\");\n    background-position: 100% 0%;\n  }\n  .u-block-17ff-23 {\n    padding-top: 0;\n    padding-bottom: 0;\n    padding-left: 0;\n    padding-right: 0;\n  }\n  .u-section-4 .u-layout-cell-1 {\n    min-height: 647px;\n    background-image: none;\n  }\n  .u-section-4 .u-container-layout-1 {\n    padding-top: 0;\n    padding-left: 0;\n    padding-right: 0;\n    padding-bottom: 30px;\n  }\n  .u-block-17ff-25 {\n    font-size: 3rem;\n    line-height: 1.25;\n    margin-top: 19px;\n    margin-left: -1px;\n    margin-right: -1px;\n    margin-bottom: 0;\n    font-weight: 400;\n  }\n  .u-section-4 .u-image-1 {\n    font-size: 0.875rem;\n    line-height: 1.25;\n    font-weight: 600;\n    margin-top: 0;\n    margin-right: 1px;\n    margin-bottom: 0;\n    margin-left: -2px;\n  }\n  .u-section-4 .u-text-1 {\n    font-size: 1.125rem;\n    line-height: 1.4;\n    letter-spacing: 1px;\n    font-weight: 300;\n    text-transform: none;\n    font-family: Montserrat, sans-serif;\n    margin-top: 52px;\n    margin-left: 49px;\n    margin-right: 49px;\n    margin-bottom: 0;\n  }\n}<\/style>\n    <\/section>\n    <section class=\"u-clearfix u-valign-middle u-section-5\" id=\"sec-0263\">\n      <div class=\"data-layout-selected u-clearfix u-expanded-width u-gutter-0 u-layout-wrap u-white u-layout-wrap-1\">\n        <div class=\"u-layout\">\n          <div class=\"u-layout-row\">\n            <div class=\"u-container-style u-grey-5 u-layout-cell u-opacity u-opacity-5 u-shape-rectangle u-size-30 u-layout-cell-1\">\n              <div class=\"u-container-layout u-container-layout-1\">\n                <h1 class=\"u-align-left u-custom-font u-text u-text-custom-color-11 u-text-1\"> Standards de l\u2019APDIQ \/ Comment choisir son designer d\u2019int\u00e9rieur<\/h1>\n                <p class=\"u-custom-font u-text u-text-custom-color-6 u-text-2\"> Propri\u00e9taire de la marque enregistr\u00e9e Designer d\u2019int\u00e9rieur certifi\u00e9 APDIQ\u00ae, l\u2019Association professionnelle des designers d\u2019int\u00e9rieur du Qu\u00e9bec (APDIQ) accr\u00e9dite les professionnels ayant une formation coll\u00e9giale ou universitaire en design d\u2019int\u00e9rieur.Recourir aux services d\u2019un designer d\u2019int\u00e9rieur reconnu est garant de qualit\u00e9, d\u2019une meilleure rentabilit\u00e9 de votre\u200b projet, d\u2019une plus-value \u00e0 votre environnement. La d\u00e9finition de vos besoins, la planification, la conception et la r\u00e9alisation des plans, la gestion de projet et la surveillance des travaux: le designer vous sert de guide pendant tout le projet.<\/p>\n                <img decoding=\"async\" class=\"u-image u-image-contain u-image-default u-image-1\" src=\"https:\/\/carolineklotz.com\/magdalenamaison\/wp-content\/uploads\/2022\/05\/Unknown-2.png\" alt=\"\" data-image-width=\"545\" data-image-height=\"92\">\n              <\/div>\n            <\/div>\n            <div class=\"u-container-style u-grey-5 u-layout-cell u-opacity u-opacity-5 u-shape-rectangle u-size-30 u-layout-cell-2\">\n              <div class=\"u-container-layout u-container-layout-2\">\n                <h1 class=\"u-custom-font u-text u-text-custom-color-11 u-text-3\"> En travaillant avec un designer d\u2019int\u00e9rieur membre de l\u2019APDIQ, vous disposez de la garantie qu\u2019il\/elle<\/h1>\n                <ul class=\"u-custom-font u-text u-text-grey-60 u-text-4\">\n                  <li> A obtenu un niveau de formation et de qualification professionnelle reconnu par l\u2019Association<\/li>\n                  <li>Est couvert(e) par u\u200bne assurance responsabilit\u00e9 professionnelle<\/li>\n                  <li>Compl\u00e8te activement de la formation continue de mani\u00e8re \u00e0 se tenir \u00e0 jour dans son champ d\u2019expertise<\/li>\n                  <li>Exerce dans le respect d\u2019un code de d\u00e9ontologie encadrant sa pratique<\/li>\n                <\/ul>\n              <\/div>\n            <\/div>\n          <\/div>\n        <\/div>\n      <\/div>\n      <style data-mode=\"XXL\">@media (max-width: 0px) {\n  .u-block-99a6-17 {\n    min-height: 435px;\n  }\n  .u-section-5 .u-layout-wrap-1 {\n    background-image: none;\n    margin-top: 0;\n    margin-bottom: 56px;\n  }\n  .u-section-5 .u-layout-cell-1 {\n    min-height: 401px;\n  }\n  .u-section-5 .u-container-layout-1 {\n    padding-top: 30px;\n    padding-left: 26px;\n    padding-right: 26px;\n    padding-bottom: 23px;\n  }\n  .u-section-5 .u-text-1 {\n    font-size: 1rem;\n    font-weight: 600;\n    margin-top: 3px;\n    margin-left: 4px;\n    margin-right: 4px;\n    margin-bottom: 0;\n  }\n  .u-section-5 .u-text-2 {\n    font-size: 0.875rem;\n    font-weight: 300;\n    margin-top: 23px;\n    margin-right: 5px;\n    margin-bottom: 0;\n    margin-left: 0;\n  }\n  .u-section-5 .u-image-1 {\n    width: 277px;\n    height: 47px;\n    margin-top: 37px;\n    margin-right: auto;\n    margin-bottom: 0;\n    margin-left: 0;\n  }\n  .u-section-5 .u-layout-cell-2 {\n    min-height: 401px;\n  }\n  .u-section-5 .u-container-layout-2 {\n    padding-top: 30px;\n    padding-bottom: 30px;\n    padding-left: 26px;\n    padding-right: 26px;\n  }\n  .u-section-5 .u-text-3 {\n    font-size: 1rem;\n    font-weight: 600;\n    margin-top: 3px;\n    margin-right: 9px;\n    margin-bottom: 0;\n    margin-left: 0;\n  }\n  .u-section-5 .u-text-4 {\n    font-size: 0.75rem;\n    font-weight: 300;\n    margin-top: 23px;\n    margin-right: 5px;\n    margin-bottom: 0;\n    margin-left: 0;\n  }\n}<\/style>\n    <\/section>\n    \n    \n    \n  \n","protected":false},"excerpt":{"rendered":"<p>Caroline Klotz Designer&nbsp; | Fondatrice Magdalena Maison Designer d\u2019int\u00e9rieur et r\u00e9cemment fondatrice de Magdalena Maison, Caroline Klotz \u0153uvre depuis plus de 18 ans dans le domaine du design int\u00e9rieur, tant r\u00e9sidentiel que commercial.&nbsp; Elle imagine des espaces chaleureux, habit\u00e9s et pens\u00e9s avec intention, qui refl\u00e8tent avec justesse la personne qui les habite. Guid\u00e9e par sa &hellip; <a href=\"https:\/\/carolineklotz.com\/magdalenamaison\/a-propos\/\" class=\"more-link\">Continue reading<span class=\"screen-reader-text\"> &#8220;02.\u00c0 PROPOS&#8221;<\/span><\/a><\/p>\n","protected":false},"author":4,"featured_media":0,"parent":0,"menu_order":19,"comment_status":"closed","ping_status":"closed","template":"","meta":{"_acf_changed":false,"footnotes":""},"categories":[],"tags":[],"class_list":["post-2295","page","type-page","status-publish","hentry"],"acf":[],"yoast_head":"<!-- This site is optimized with the Yoast SEO plugin v27.4 - https:\/\/yoast.com\/product\/yoast-seo-wordpress\/ -->\n<title>02.\u00c0 PROPOS - Caroline Klotz Studio - Services en design d&#039;int\u00e9rieur commercial &amp; r\u00e9sidentiel<\/title>\n<meta name=\"description\" content=\"CAROLINE KLOTZ STUDIO offre des services complets en design d\u2019int\u00e9rieur pour des am\u00e9nagementscommerciaux et r\u00e9siden\u200btiels.\u00a0Notre approche personnalis\u00e9e, unique et collaborative nous permet de cr\u00e9er des environnements qui refl\u00e8tent au mieux la vision et les ambitions de chacun de nos clients.\" \/>\n<meta name=\"robots\" content=\"index, follow, max-snippet:-1, max-image-preview:large, max-video-preview:-1\" \/>\n<link rel=\"canonical\" href=\"https:\/\/carolineklotz.com\/magdalenamaison\/a-propos\/\" \/>\n<meta property=\"og:locale\" content=\"en_US\" \/>\n<meta property=\"og:type\" content=\"article\" \/>\n<meta property=\"og:title\" content=\"02.\u00c0 PROPOS - Caroline Klotz Studio - Services en design d&#039;int\u00e9rieur commercial &amp; r\u00e9sidentiel\" \/>\n<meta property=\"og:description\" content=\"CAROLINE KLOTZ STUDIO offre des services complets en design d\u2019int\u00e9rieur pour des am\u00e9nagementscommerciaux et r\u00e9siden\u200btiels.\u00a0Notre approche personnalis\u00e9e, unique et collaborative nous permet de cr\u00e9er des environnements qui refl\u00e8tent au mieux la vision et les ambitions de chacun de nos clients.\" \/>\n<meta property=\"og:url\" content=\"https:\/\/carolineklotz.com\/magdalenamaison\/a-propos\/\" \/>\n<meta property=\"og:site_name\" content=\"Caroline Klotz Designer\" \/>\n<meta property=\"article:publisher\" content=\"https:\/\/www.facebook.com\/carolineklotzstudio\" \/>\n<meta property=\"article:modified_time\" content=\"2026-03-17T22:39:23+00:00\" \/>\n<meta name=\"twitter:card\" content=\"summary_large_image\" \/>\n<meta name=\"twitter:label1\" content=\"Est. reading time\" \/>\n\t<meta name=\"twitter:data1\" content=\"2 minutes\" \/>\n<script type=\"application\/ld+json\" class=\"yoast-schema-graph\">{\"@context\":\"https:\\\/\\\/schema.org\",\"@graph\":[{\"@type\":\"WebPage\",\"@id\":\"https:\\\/\\\/carolineklotz.com\\\/magdalenamaison\\\/a-propos\\\/\",\"url\":\"https:\\\/\\\/carolineklotz.com\\\/magdalenamaison\\\/a-propos\\\/\",\"name\":\"02.\u00c0 PROPOS - Caroline Klotz Studio - Services en design d'int\u00e9rieur commercial & r\u00e9sidentiel\",\"isPartOf\":{\"@id\":\"https:\\\/\\\/carolineklotz.com\\\/magdalenamaison\\\/#website\"},\"datePublished\":\"2022-05-06T20:41:40+00:00\",\"dateModified\":\"2026-03-17T22:39:23+00:00\",\"description\":\"CAROLINE KLOTZ STUDIO offre des services complets en design d\u2019int\u00e9rieur pour des am\u00e9nagementscommerciaux et r\u00e9siden\u200btiels.\u00a0Notre approche personnalis\u00e9e, unique et collaborative nous permet de cr\u00e9er des environnements qui refl\u00e8tent au mieux la vision et les ambitions de chacun de nos clients.\",\"breadcrumb\":{\"@id\":\"https:\\\/\\\/carolineklotz.com\\\/magdalenamaison\\\/a-propos\\\/#breadcrumb\"},\"inLanguage\":\"en-CA\",\"potentialAction\":[{\"@type\":\"ReadAction\",\"target\":[\"https:\\\/\\\/carolineklotz.com\\\/magdalenamaison\\\/a-propos\\\/\"]}]},{\"@type\":\"BreadcrumbList\",\"@id\":\"https:\\\/\\\/carolineklotz.com\\\/magdalenamaison\\\/a-propos\\\/#breadcrumb\",\"itemListElement\":[{\"@type\":\"ListItem\",\"position\":1,\"name\":\"Home\",\"item\":\"https:\\\/\\\/carolineklotz.com\\\/magdalenamaison\\\/\"},{\"@type\":\"ListItem\",\"position\":2,\"name\":\"02.\u00c0 PROPOS\"}]},{\"@type\":\"WebSite\",\"@id\":\"https:\\\/\\\/carolineklotz.com\\\/magdalenamaison\\\/#website\",\"url\":\"https:\\\/\\\/carolineklotz.com\\\/magdalenamaison\\\/\",\"name\":\"Caroline Klotz Designer\",\"description\":\"Caroline Klotz Studio est un atelier de design d&#039;int\u00e9rieur oeuvrant dans le design commercial et r\u00e9sidentiel. Notre approche authetique permet d&#039;aborder chaque mandat individuel de fa\u00e7on personnalis\u00e9e et adapt\u00e9e.\",\"publisher\":{\"@id\":\"https:\\\/\\\/carolineklotz.com\\\/magdalenamaison\\\/#organization\"},\"potentialAction\":[{\"@type\":\"SearchAction\",\"target\":{\"@type\":\"EntryPoint\",\"urlTemplate\":\"https:\\\/\\\/carolineklotz.com\\\/magdalenamaison\\\/?s={search_term_string}\"},\"query-input\":{\"@type\":\"PropertyValueSpecification\",\"valueRequired\":true,\"valueName\":\"search_term_string\"}}],\"inLanguage\":\"en-CA\"},{\"@type\":\"Organization\",\"@id\":\"https:\\\/\\\/carolineklotz.com\\\/magdalenamaison\\\/#organization\",\"name\":\"Caroline Klotz Designer\",\"url\":\"https:\\\/\\\/carolineklotz.com\\\/magdalenamaison\\\/\",\"logo\":{\"@type\":\"ImageObject\",\"inLanguage\":\"en-CA\",\"@id\":\"https:\\\/\\\/carolineklotz.com\\\/magdalenamaison\\\/#\\\/schema\\\/logo\\\/image\\\/\",\"url\":\"https:\\\/\\\/carolineklotz.com\\\/magdalenamaison\\\/wp-content\\\/uploads\\\/2023\\\/03\\\/cropped-cropped-cropped-CL-LOGO-2022-1-1.png\",\"contentUrl\":\"https:\\\/\\\/carolineklotz.com\\\/magdalenamaison\\\/wp-content\\\/uploads\\\/2023\\\/03\\\/cropped-cropped-cropped-CL-LOGO-2022-1-1.png\",\"width\":240,\"height\":349,\"caption\":\"Caroline Klotz Designer\"},\"image\":{\"@id\":\"https:\\\/\\\/carolineklotz.com\\\/magdalenamaison\\\/#\\\/schema\\\/logo\\\/image\\\/\"},\"sameAs\":[\"https:\\\/\\\/www.facebook.com\\\/carolineklotzstudio\",\"https:\\\/\\\/www.instagram.com\\\/carolineklotzstudio\\\/\",\"https:\\\/\\\/www.linkedin.com\\\/company\\\/caroline-klotz-studio\\\/\",\"https:\\\/\\\/www.pinterest.ca\\\/carolineklotzstudio\\\/\"]}]}<\/script>\n<!-- \/ Yoast SEO plugin. -->","yoast_head_json":{"title":"02.\u00c0 PROPOS - Caroline Klotz Studio - Services en design d'int\u00e9rieur commercial & r\u00e9sidentiel","description":"CAROLINE KLOTZ STUDIO offre des services complets en design d\u2019int\u00e9rieur pour des am\u00e9nagementscommerciaux et r\u00e9siden\u200btiels.\u00a0Notre approche personnalis\u00e9e, unique et collaborative nous permet de cr\u00e9er des environnements qui refl\u00e8tent au mieux la vision et les ambitions de chacun de nos clients.","robots":{"index":"index","follow":"follow","max-snippet":"max-snippet:-1","max-image-preview":"max-image-preview:large","max-video-preview":"max-video-preview:-1"},"canonical":"https:\/\/carolineklotz.com\/magdalenamaison\/a-propos\/","og_locale":"en_US","og_type":"article","og_title":"02.\u00c0 PROPOS - Caroline Klotz Studio - Services en design d'int\u00e9rieur commercial & r\u00e9sidentiel","og_description":"CAROLINE KLOTZ STUDIO offre des services complets en design d\u2019int\u00e9rieur pour des am\u00e9nagementscommerciaux et r\u00e9siden\u200btiels.\u00a0Notre approche personnalis\u00e9e, unique et collaborative nous permet de cr\u00e9er des environnements qui refl\u00e8tent au mieux la vision et les ambitions de chacun de nos clients.","og_url":"https:\/\/carolineklotz.com\/magdalenamaison\/a-propos\/","og_site_name":"Caroline Klotz Designer","article_publisher":"https:\/\/www.facebook.com\/carolineklotzstudio","article_modified_time":"2026-03-17T22:39:23+00:00","twitter_card":"summary_large_image","twitter_misc":{"Est. reading time":"2 minutes"},"schema":{"@context":"https:\/\/schema.org","@graph":[{"@type":"WebPage","@id":"https:\/\/carolineklotz.com\/magdalenamaison\/a-propos\/","url":"https:\/\/carolineklotz.com\/magdalenamaison\/a-propos\/","name":"02.\u00c0 PROPOS - Caroline Klotz Studio - Services en design d'int\u00e9rieur commercial & r\u00e9sidentiel","isPartOf":{"@id":"https:\/\/carolineklotz.com\/magdalenamaison\/#website"},"datePublished":"2022-05-06T20:41:40+00:00","dateModified":"2026-03-17T22:39:23+00:00","description":"CAROLINE KLOTZ STUDIO offre des services complets en design d\u2019int\u00e9rieur pour des am\u00e9nagementscommerciaux et r\u00e9siden\u200btiels.\u00a0Notre approche personnalis\u00e9e, unique et collaborative nous permet de cr\u00e9er des environnements qui refl\u00e8tent au mieux la vision et les ambitions de chacun de nos clients.","breadcrumb":{"@id":"https:\/\/carolineklotz.com\/magdalenamaison\/a-propos\/#breadcrumb"},"inLanguage":"en-CA","potentialAction":[{"@type":"ReadAction","target":["https:\/\/carolineklotz.com\/magdalenamaison\/a-propos\/"]}]},{"@type":"BreadcrumbList","@id":"https:\/\/carolineklotz.com\/magdalenamaison\/a-propos\/#breadcrumb","itemListElement":[{"@type":"ListItem","position":1,"name":"Home","item":"https:\/\/carolineklotz.com\/magdalenamaison\/"},{"@type":"ListItem","position":2,"name":"02.\u00c0 PROPOS"}]},{"@type":"WebSite","@id":"https:\/\/carolineklotz.com\/magdalenamaison\/#website","url":"https:\/\/carolineklotz.com\/magdalenamaison\/","name":"Caroline Klotz Designer","description":"Caroline Klotz Studio est un atelier de design d&#039;int\u00e9rieur oeuvrant dans le design commercial et r\u00e9sidentiel. Notre approche authetique permet d&#039;aborder chaque mandat individuel de fa\u00e7on personnalis\u00e9e et adapt\u00e9e.","publisher":{"@id":"https:\/\/carolineklotz.com\/magdalenamaison\/#organization"},"potentialAction":[{"@type":"SearchAction","target":{"@type":"EntryPoint","urlTemplate":"https:\/\/carolineklotz.com\/magdalenamaison\/?s={search_term_string}"},"query-input":{"@type":"PropertyValueSpecification","valueRequired":true,"valueName":"search_term_string"}}],"inLanguage":"en-CA"},{"@type":"Organization","@id":"https:\/\/carolineklotz.com\/magdalenamaison\/#organization","name":"Caroline Klotz Designer","url":"https:\/\/carolineklotz.com\/magdalenamaison\/","logo":{"@type":"ImageObject","inLanguage":"en-CA","@id":"https:\/\/carolineklotz.com\/magdalenamaison\/#\/schema\/logo\/image\/","url":"https:\/\/carolineklotz.com\/magdalenamaison\/wp-content\/uploads\/2023\/03\/cropped-cropped-cropped-CL-LOGO-2022-1-1.png","contentUrl":"https:\/\/carolineklotz.com\/magdalenamaison\/wp-content\/uploads\/2023\/03\/cropped-cropped-cropped-CL-LOGO-2022-1-1.png","width":240,"height":349,"caption":"Caroline Klotz Designer"},"image":{"@id":"https:\/\/carolineklotz.com\/magdalenamaison\/#\/schema\/logo\/image\/"},"sameAs":["https:\/\/www.facebook.com\/carolineklotzstudio","https:\/\/www.instagram.com\/carolineklotzstudio\/","https:\/\/www.linkedin.com\/company\/caroline-klotz-studio\/","https:\/\/www.pinterest.ca\/carolineklotzstudio\/"]}]}},"_links":{"self":[{"href":"https:\/\/carolineklotz.com\/magdalenamaison\/wp-json\/wp\/v2\/pages\/2295","targetHints":{"allow":["GET"]}}],"collection":[{"href":"https:\/\/carolineklotz.com\/magdalenamaison\/wp-json\/wp\/v2\/pages"}],"about":[{"href":"https:\/\/carolineklotz.com\/magdalenamaison\/wp-json\/wp\/v2\/types\/page"}],"author":[{"embeddable":true,"href":"https:\/\/carolineklotz.com\/magdalenamaison\/wp-json\/wp\/v2\/users\/4"}],"replies":[{"embeddable":true,"href":"https:\/\/carolineklotz.com\/magdalenamaison\/wp-json\/wp\/v2\/comments?post=2295"}],"version-history":[{"count":91,"href":"https:\/\/carolineklotz.com\/magdalenamaison\/wp-json\/wp\/v2\/pages\/2295\/revisions"}],"predecessor-version":[{"id":5837,"href":"https:\/\/carolineklotz.com\/magdalenamaison\/wp-json\/wp\/v2\/pages\/2295\/revisions\/5837"}],"wp:attachment":[{"href":"https:\/\/carolineklotz.com\/magdalenamaison\/wp-json\/wp\/v2\/media?parent=2295"}],"wp:term":[{"taxonomy":"category","embeddable":true,"href":"https:\/\/carolineklotz.com\/magdalenamaison\/wp-json\/wp\/v2\/categories?post=2295"},{"taxonomy":"post_tag","embeddable":true,"href":"https:\/\/carolineklotz.com\/magdalenamaison\/wp-json\/wp\/v2\/tags?post=2295"}],"curies":[{"name":"wp","href":"https:\/\/api.w.org\/{rel}","templated":true}]}}